{"id":434,"date":"2025-02-28T18:21:09","date_gmt":"2025-02-28T17:21:09","guid":{"rendered":"https:\/\/oceansmartenergy.com\/politica-de-privacidad\/"},"modified":"2025-02-28T18:21:09","modified_gmt":"2025-02-28T17:21:09","slug":"politica-de-privacidad","status":"publish","type":"page","link":"https:\/\/oceansmartenergy.com\/en\/politica-de-privacidad\/","title":{"rendered":"Privacy Policy"},"content":{"rendered":"<p>El Titular le informa sobre su Pol\u00edtica de Privacidad respecto del tratamiento y protecci\u00f3n de los datos de car\u00e1cter personal de los usuarios  que puedan ser recabados durante la navegaci\u00f3n a trav\u00e9s del Sitio Web: <a href=\"\">https:\/\/oceansmartenergy.com<\/a>\n<\/p>\n\n<p>\n\tIn this regard, the Owner guarantees compliance with current regulations on the protection of personal data, reflected in Organic Law 3\/2018, of December 5, on the Protection of Personal Data and Guarantee of Digital Rights (LOPD GDD). It also complies with Regulation (EU) 2016\/679 of the European Parliament and of the Council of April 27, 2016 on the protection of natural persons (RGPD).\n<\/p>\n\n<p>\n\tEl uso de sitio Web implica la aceptaci\u00f3n de esta Pol\u00edtica de Privacidad&nbsp;as\u00ed como las condiciones incluidas en el &nbsp;<a href=\"https:\/\/oceansmartenergy.com\/en\/aviso-legal\/\">Legal Notice<\/a>.\n<\/p>\n\n<h2>Identity of the Responsible Party<\/h2>\n<p>\n  <ul>    \n    <li>\n      <b>Responsable:<\/b>&nbsp;   \n      Oceansmartenergy.\n      \n    <\/li>\n    \n\n\n    <li>\n      <b>Domicilio:<\/b>&nbsp;\n       Barcelona - Espa\u00f1a.\n    <\/li>\n    \n    <li>\n      <b>Correo electr\u00f3nico:<\/b>&nbsp;\n      info@oceansmartenergy.com\n    <\/li>\n    \n\n    <li>\n      <b>Sitio Web:<\/b>&nbsp;\n      <a href=\"\">https:\/\/oceansmartenergy.com<\/a>\n    <\/li>\n  <\/ul>\n<\/p>\n\n\n<h2>Principles applied in data processing<\/h2>\n<p>\n\tWhen processing your personal data, the Data Controller will apply the following principles that comply with the requirements of the new European data protection regulation (GDPR):\n<\/p>\n\n<p>\n  <ul>\n    <li>\n      Principle of legality, loyalty and transparency: The Owner will always require consent for the processing of personal data, which may be for one or several specific purposes about which the Owner will inform the User in advance with absolute transparency.\n    <\/li>\n    <li>\n      Data minimization principle: The Owner will request only the data strictly necessary for the purpose or purposes for which it is requested.\n    <\/li> \n    <li>\n      Principle of limitation of the conservation period: The Owner will keep the personal data collected for the time strictly necessary for the purpose or purposes of the processing. The Owner will inform the User of the corresponding conservation period according to the purpose.\n      <br>In the case of subscriptions, the Owner will periodically review the lists and delete those records that have been inactive for a considerable time.\n    <\/li>\n    <li>\n      Principle of integrity and confidentiality: The personal data collected will be treated in such a way that its security, confidentiality and integrity are guaranteed.\n      <br>The Owner takes the necessary precautions to prevent unauthorized access or misuse of its users' data by third parties.\n    <\/li>\n  <\/ul>\n<\/p>\n\n<h2>Obtaining personal data<\/h2>\n<p>\n  You do not need to provide any personal data to browse the website.\n<\/p>\n\n<p>\n  The cases in which you do provide your personal data are the following:\n<\/p>\n<p>\n  <ul>    \n      <li>By contacting us through the contact forms or sending an email.<\/li>\n      <li>When making a comment on an article or page.<\/li>\n  <\/ul>\n<\/p>\n\n<h2>Rights<\/h2>\n<p>\n  The Owner informs you that regarding your personal data you have the right to:\n<\/p>\n<p>\n  <ul>\n    <li>Request access to stored data.<\/li>\n    <li>Request rectification or deletion.<\/li>\n    <li>Request limitation of your processing.<\/li>\n    <li>Object to treatment.<\/li>\n    <li>Request the portability of your data.<\/li>\n  <\/ul>\n<\/p>\n\n<p>\n  The exercise of these rights is personal and therefore must be exercised directly by the interested party, requesting it directly from the Owner, which means that any client, subscriber or collaborator who has provided their data at any time, can contact the Owner and request information about the data stored and how it was obtained, request rectification of the same, request the portability of their personal data, oppose the processing, limit its use or request the deletion of said data in the Owner's files.\n<\/p>\n\n<p>  \n  Para ejercitar sus derechos tiene que enviar su petici\u00f3n junto con una fotocopia del Documento Nacional de Identidad o equivalente a&nbsp;\n  la direcci\u00f3n de correo electr\u00f3nico:&nbspinfo@oceansmartenergy.com\n<\/p>\n\n<p>\n  The exercise of these rights does not include any data that the Owner is obliged to retain for administrative, legal or security purposes.\n<\/p>\n\n<p>\n  You have the right to effective judicial protection and to lodge a complaint with the supervisory authority, in this case, the Spanish Data Protection Agency, if you consider that the processing of personal data concerning you infringes the Regulation.\n<\/p>\n\n<h2 id=\"finalidad-del-tratamiento-de-datos-personales\">Purpose of processing personal data<\/h2>\n<p>\n  Cuando usted se conecta al Sitio Web para mandar un correo al Titular, escribe un comentario en un art\u00edculo o una p\u00e1gina,  se suscribe a su bolet\u00edn  est\u00e1 facilitando informaci\u00f3n de car\u00e1cter personal de la que el responsable es el Titular. Esta informaci\u00f3n puede incluir datos de car\u00e1cter personal como pueden ser su direcci\u00f3n IP, nombre y apellidos, direcci\u00f3n f\u00edsica, direcci\u00f3n de correo electr\u00f3nico, n\u00famero de tel\u00e9fono, y otra informaci\u00f3n. Al facilitar esta informaci\u00f3n, da su consentimiento para que su informaci\u00f3n sea recopilada, utilizada, gestionada y almacenada por \n  \n  &mdash;\n  Hostinger\n  \n  &mdash;\n    s\u00f3lo como se describe en las p\u00e1ginas:\n    <ul>\n      <li><a href=\"https:\/\/oceansmartenergy.com\/en\/aviso-legal\/\">Legal Notice<\/a><\/li>\n      <li><a href=\"https:\/\/oceansmartenergy.com\/en\/politica-de-privacidad\/\">Privacy Policy<\/a><\/li>\n    <\/ul>\n<\/p>\n<p>\n  The personal data and the purpose of processing by the Owner is different depending on the information capture system:\n<\/p>\n<p>\n  <ul>    \n    <li>\n      Contact forms: The Owner requests personal data which may include: name and surname, email address, telephone number and website address in order to respond to Users' queries.<br>\n      For example, the Owner uses this data to respond to messages, questions, complaints, comments or concerns that Users may have regarding the information included on the Website, the processing of personal data, questions regarding the legal texts included on the Website, as well as any other query that the User may have and that is not subject to the conditions of the Website.\n    <\/li>\n    <li>\n      Comment forms: The Owner requests personal data which may include: name and surname, email address, and website address in order to respond to User comments.\n    <\/li>   \n  <\/ul> \n<\/p>\n<p>   \n  There are other purposes for which the Owner processes personal data:\n<\/p>\n<p>\n  <ul>\n    <li>\n      To ensure compliance with the conditions set out in the Legal Notice page and applicable law. This may include developing tools and algorithms to help the Website ensure the confidentiality of the personal data it collects.\n    <\/li>\n    <li>\n      To support and improve the services offered by this Website.\n    <\/li>\n    <li>\n      Para analizar la navegaci\u00f3n de los usuarios. El Titular recoge otros datos no identificativos que se obtienen mediante el uso de cookies que se descargan en el ordenador del Usuario cuando navega por el Sitio Web cuyas caracter\u00edsticas y finalidad est\u00e1n detalladas en la p\u00e1gina de  <a href=\"https:\/\/oceansmartenergy.com\/en\/politica-de-cookies\/\">Cookie Policy<\/a>.\n    <\/li>\n    <li>\n      <p>\n      Para gestionar las redes sociales. El Titular tiene presencia en redes sociales.\n        Si usted se hace seguidor en las redes sociales del Titular el tratamiento de los datos personales se regir\u00e1 por este apartado, as\u00ed como por aquellas condiciones de uso, pol\u00edticas de privacidad y normativas de acceso que pertenezcan a la red social que proceda en cada caso y que ha aceptado previamente.\n        <br>\n        You can consult the privacy policies of the main social networks at these links:\n      <\/p>\n      <p>     \n      <ul>\n        <li><a href=\"https:\/\/www.facebook.com\/help\/cookies\" rel=\"nofollow\" target=\"_blank\">Facebook<\/a><\/li>\n        <li><a href=\"https:\/\/twitter.com\/privacy\" rel=\"nofollow\" target=\"_blank\">Twitter<\/a><\/li>\n        <li><a href=\"https:\/\/www.linkedin.com\/legal\/cookie-policy\" rel=\"nofollow\" target=\"_blank\">Linkedin<\/a><\/li>\n        <li><a href=\"https:\/\/www.youtube.com\/privacy\" rel=\"nofollow\" target=\"_blank\">YouTube<\/a><\/li>\n        <li><a href=\"https:\/\/www.instagram.com\/legal\/privacy\/\" rel=\"nofollow\" target=\"_blank\">Instagram<\/a><\/li>\n      <\/ul>\n      <\/p>\n      <p>\n        The Owner will process your personal data for the purpose of correctly managing your presence on the social network, informing you of its activities, as well as for any other purpose permitted by the regulations of the social networks.\n      <\/p>\n      <p>\n        Under no circumstances will the Owner use the profiles of followers on social networks to send advertising on an individual basis.\n      <\/p>\n    <\/li>\n  <\/ul>\n<\/p>\n\n\n<h2>Security of personal data<\/h2>\n<p>\n  To protect your personal data, the Owner takes all reasonable precautions and follows industry best practices to prevent its loss, misuse, unauthorized access, disclosure, alteration or destruction.\n<\/p>\n  <p>\n    El sitio Web est\u00e1 alojado en:  Hostinger. La seguridad de los datos est\u00e1 garantizada, ya que toman todas las medidas de seguridad necesarias para ello. Puede consultar su pol\u00edtica de privacidad para tener m\u00e1s informaci\u00f3n.\n  <\/p>\n\n\n  <p>\n    The Owner informs the User that his\/her personal data will not be transferred to third-party organisations, except when such transfer of data is covered by a legal obligation or when the provision of a service implies the need for a contractual relationship with a data processor. In the latter case, the transfer of data to the third party will only be carried out when the Owner has the express consent of the User.\n  <\/p>\n  <p>\n    However, in some cases collaborations with other professionals may be carried out. In these cases, the User's consent will be required, informing them of the identity of the collaborator and the purpose of the collaboration. This will always be carried out with the strictest security standards.\n  <\/p>\n\n\n<h2>Content from other websites<\/h2>\n<p>\n  Content from other websitesPages on this website may include embedded content (e.g. videos, images, articles, etc.). Embedded content from other websites behaves in the exact same way as if the visitor has visited the other website.\n<\/p>\n<p>\n  These websites may collect data about you, use cookies, embed additional third-party tracking code, and monitor your interaction using this code.\n<\/p>\n\n\n<h2>Cookie Policy<\/h2>\n<p>\n  For this website to function properly it needs to use cookies, which is information that is stored in your web browser. \n  \n  <p>\n    Puede consultar toda la informaci\u00f3n relativa a la pol\u00edtica de recogida y tratamiento de las cookies en la p\u00e1gina de  <a href=\"https:\/\/oceansmartenergy.com\/en\/politica-de-cookies\/\">Cookie Policy<\/a>.\n  <\/p>\n<\/p>\n\n\n\n<h2>Legitimation for data processing<\/h2>\n<p>\n  The legal basis for the processing of your data is:\n  <ul>\n    <li>\n      The consent of the interested party.\n    <\/li> \n  <\/ul>\n<\/p>\n\n\n<h2>Categories of personal data<\/h2>\n<p>\n  The categories of personal data processed by the Owner are:\n<\/p>\n<p>\n  <ul>    \n    <li>Identification data.<\/li>\n    <li>No specially protected categories of data are processed.<\/li>\n  <\/ul>\n<\/p>\n\n\n<h2>Retention of personal data<\/h2>\n<p>  \n  The personal data provided to the Owner will be kept until you request its deletion.\n<\/p>\n\n\n<div id=\"destinatarios\">\n<h2>Recipients of personal data<\/h2>\n<p>\n  <ul>  \n    <li>\n      <b>Google Analytics<\/b> es un servicio de anal\u00edtica web prestado por Google, Inc., una compa\u00f1\u00eda de Delaware cuya oficina principal est\u00e1 en 1600 Amphitheatre Parkway, Mountain View (California), CA 94043, Estados Unidos (&quot;Google&quot;).      \n      <br>Google Analytics utiliza &quot;cookies&quot;, que son archivos de texto ubicados en tu ordenador, para ayudar al Titular a analizar el uso que hacen los Usuarios del sitio Web. La informaci\u00f3n que genera la cookie acerca del uso del sitio Web (incluyendo la direcci\u00f3n IP) ser\u00e1 directamente transmitida y archivada por Google en los servidores de Estados Unidos.\n      <br>M\u00e1s informaci\u00f3n en:&nbsp;<a href=\"https:\/\/policies.google.com\/privacy?hl=es-ES\" rel=\"nofollow\" target=\"_blank\">https:\/\/analytics.google.com<\/a>\n    <\/li>   \n  <\/ul>\n<\/p>\n<\/div>\n\n  <p>\n    Puede consultar como Google gestiona la privacidad en lo que respecta al uso de las cookies y otra informaci\u00f3n en la p\u00e1gina de Pol\u00edtica de privacidad de Google:&nbsp;<a target=\"_blank\" href=\"https:\/\/policies.google.com\/privacy?hl=es\" rel=\"nofollow\">https:\/\/policies.google.com\/privacy?hl=es<\/a>\n  <\/p>\n  \n  <p>\n    You can also see a list of the types of cookies used by Google and its partners and all the information related to their use of advertising cookies at:\n  <\/p>\n    <ul>\n      <li><a target=\"_blank\" href=\"https:\/\/policies.google.com\/technologies\/types?hl=es\" rel=\"nofollow\">Types of cookies used by Google<\/a><\/li>\n      <li><a target=\"_blank\" rel=\"nofollow\" href=\"https:\/\/policies.google.com\/technologies\/ads?hl=es\">How Google uses cookies in advertising<\/a>.<\/li>\n    <\/ul>\n\n\n<h2>Web Browsing<\/h2>\n<p>\n  When browsing the Website, non-identifying data may be collected, which may include the IP address, geolocation, a record of how the services and sites are used, browsing habits and other data that cannot be used to identify you.\n<\/p>\n\n<p>\n  The Website uses the following third-party analytics services:\n<\/p>\n\n<p>\n  <ul>\n    <li>Google Analytics.<\/li>\n    \n    \n  <\/ul>\n<\/p>\n<p>\n  The Owner uses the information obtained to obtain statistical data, analyze trends, manage the site, study navigation patterns and to collect demographic information.\n<\/p>\n<p>\n  The Owner is not responsible for the processing of personal data carried out by the websites that may be accessed through the various links contained on the Website.\n<\/p>\n\n\n<h2>Accuracy and truthfulness of personal data<\/h2>\n<p>\n  You undertake that the data provided to the Owner are correct, complete, accurate and current, as well as to keep them duly updated.\n<\/p>\n<p>\n  As a User of the Website, you are solely responsible for the truthfulness and accuracy of the data sent to the Website, exonerating the Owner of any liability in this regard.\n<\/p>\n\n\n<h2>Acceptance and consent<\/h2>\n<p> \n  As a User of the Website, you declare that you have been informed of the conditions regarding the protection of personal data, and that you accept and consent to the processing of such data by the Owner in the manner and for the purposes indicated in this Privacy Policy.\n<\/p>\n<p>\n  To contact the Owner, subscribe to a newsletter or make comments on this Website you must accept this Privacy Policy.\n<\/p>\n\n\n<h2>Privacy Policy<\/h2>\n<p>\n  The Owner reserves the right to modify this Privacy Policy to adapt it to new legislation or jurisprudence, as well as to industry practices.\n<\/p>\n<p> \n  These policies will be valid until they are modified by other duly published policies.\n<\/p>","protected":false},"excerpt":{"rendered":"<p>El Titular le informa sobre su Pol\u00edtica de Privacidad respecto del tratamiento y protecci\u00f3n de los datos de car\u00e1cter personal de los usuarios que puedan ser recabados durante la navegaci\u00f3n a trav\u00e9s del Sitio Web: https:\/\/oceansmartenergy.com En este sentido, el Titular garantiza el cumplimiento de la normativa vigente en materia de protecci\u00f3n de datos personales, [&hellip;]<\/p>\n","protected":false},"author":1,"featured_media":0,"parent":0,"menu_order":0,"comment_status":"closed","ping_status":"closed","template":"","meta":{"footnotes":""},"class_list":["post-434","page","type-page","status-publish","hentry"],"blocksy_meta":[],"_links":{"self":[{"href":"https:\/\/oceansmartenergy.com\/en\/wp-json\/wp\/v2\/pages\/434","targetHints":{"allow":["GET"]}}],"collection":[{"href":"https:\/\/oceansmartenergy.com\/en\/wp-json\/wp\/v2\/pages"}],"about":[{"href":"https:\/\/oceansmartenergy.com\/en\/wp-json\/wp\/v2\/types\/page"}],"author":[{"embeddable":true,"href":"https:\/\/oceansmartenergy.com\/en\/wp-json\/wp\/v2\/users\/1"}],"replies":[{"embeddable":true,"href":"https:\/\/oceansmartenergy.com\/en\/wp-json\/wp\/v2\/comments?post=434"}],"version-history":[{"count":0,"href":"https:\/\/oceansmartenergy.com\/en\/wp-json\/wp\/v2\/pages\/434\/revisions"}],"wp:attachment":[{"href":"https:\/\/oceansmartenergy.com\/en\/wp-json\/wp\/v2\/media?parent=434"}],"curies":[{"name":"wp","href":"https:\/\/api.w.org\/{rel}","templated":true}]}}